{"id":701,"date":"2024-11-22T11:26:52","date_gmt":"2024-11-22T16:26:52","guid":{"rendered":"https:\/\/alcaldiasanmiguelito.gob.pa\/?page_id=701"},"modified":"2026-03-31T11:40:49","modified_gmt":"2026-03-31T16:40:49","slug":"sucursales","status":"publish","type":"page","link":"https:\/\/alcaldiasanmiguelito.gob.pa\/?page_id=701","title":{"rendered":"Sucursales"},"content":{"rendered":"\n<p class=\"gutenify-section-265e6250-a8ed-11ef-887c-f30b00515d96\"><\/p>\n\n\n\n<p class=\"gutenify-section-f4dcde80-cd2e-11ef-9a17-e9d42c6be165\"><\/p>\n\n\n\n\n\n<div class=\"wp-block-columns has-palette-color-5-background-color has-background is-layout-flex wp-container-core-columns-is-layout-4ee4d5a9 wp-block-columns-is-layout-flex\" style=\"border-radius:15px;margin-top:var(--wp--preset--spacing--30);margin-bottom:var(--wp--preset--spacing--30);padding-top:var(--wp--preset--spacing--20);padding-right:var(--wp--preset--spacing--40);padding-bottom:var(--wp--preset--spacing--20);padding-left:var(--wp--preset--spacing--40)\">\n<div class=\"wp-block-column has-text-color has-link-color wp-elements-9c08cd8cd3235bcfd3f78c86ab9dbe55 is-layout-flow wp-container-core-column-is-layout-8a368f38 wp-block-column-is-layout-flow\" style=\"color:#002f6c\">\n<p><strong>Direcci\u00f3n: <\/strong>Calle Pellin, Detras de la Escuela Primer Ciclo Louis Matinz.<\/p>\n\n\n\n<p style=\"padding-top:0;padding-right:0;padding-bottom:0;padding-left:0\"><strong>Horario:<\/strong> Desde las 8:00 a.m. hasta las 4:00 p.m.<\/p>\n\n\n\n<p><strong>Servicios: <\/strong>Tr\u00e1mites de negocios (inscripci\u00f3n, cierre, aumento de actividad, cambio de raz\u00f3n social), pago de placas y venta de tarjeta de fumigaci\u00f3n.<\/p>\n<\/div>\n<\/div>\n\n\n\n<div class=\"wp-block-columns are-vertically-aligned-center gutenify-section-fef79a50-a8ed-11ef-887c-f30b00515d96 is-layout-flex wp-container-core-columns-is-layout-28f84493 wp-block-columns-is-layout-flex\">\n<div class=\"wp-block-column is-vertically-aligned-center gutenify-section-04139610-a8ee-11ef-887c-f30b00515d96 is-layout-flow wp-block-column-is-layout-flow\" style=\"flex-basis:52%\"><\/div>\n\n\n\n<div class=\"wp-block-column is-vertically-aligned-center gutenify-section-0414a780-a8ee-11ef-887c-f30b00515d96 is-layout-flow wp-block-column-is-layout-flow\"><p><iframe src=\"https:\/\/www.google.com\/maps\/embed?pb=!1m18!1m12!1m3!1d916.288363250512!2d-79.50229355912741!3d9.042156610697337!2m3!1f0!2f0!3f0!3m2!1i1024!2i768!4f13.1!3m3!1m2!1s0x8fab56265d009adb%3A0xedd76d9e3fcf861a!2sAlcald%C3%ADa%20de%20San%20Miguelito!5e0!3m2!1ses-419!2spa!4v1732294705137!5m2!1ses-419!2spa\" width=\"600\" height=\"450\" style=\"border:0;\" allowfullscreen=\"\" loading=\"lazy\" referrerpolicy=\"no-referrer-when-downgrade\"><\/iframe><\/p>\n<\/div>\n<\/div>\n\n\n\n<div class=\"wp-block-columns is-layout-flex wp-container-core-columns-is-layout-28f84493 wp-block-columns-is-layout-flex\">\n<div class=\"wp-block-column is-layout-flow wp-block-column-is-layout-flow\" style=\"padding-top:var(--wp--preset--spacing--50);padding-bottom:var(--wp--preset--spacing--50)\"><\/div>\n<\/div>\n\n\n\n\n\n<div class=\"wp-block-columns has-palette-color-5-background-color has-background is-layout-flex wp-container-core-columns-is-layout-4ee4d5a9 wp-block-columns-is-layout-flex\" style=\"border-radius:15px;margin-top:var(--wp--preset--spacing--30);margin-bottom:var(--wp--preset--spacing--30);padding-top:var(--wp--preset--spacing--20);padding-right:var(--wp--preset--spacing--40);padding-bottom:var(--wp--preset--spacing--20);padding-left:var(--wp--preset--spacing--40)\">\n<div class=\"wp-block-column has-text-color has-link-color wp-elements-80da4dae803895c17afdf697d5fb4704 is-layout-flow wp-container-core-column-is-layout-8a368f38 wp-block-column-is-layout-flow\" style=\"color:#002f6c\">\n<p><strong>Direcci\u00f3n:<\/strong> Metromall, Segundo piso.<\/p>\n\n\n\n<p style=\"padding-top:0;padding-right:0;padding-bottom:0;padding-left:0\"><strong>Horario:<\/strong> Desde las 8:00 a.m. hasta las 4:00 p.m.<\/p>\n\n\n\n<p><strong>Servicios: <\/strong>Tr\u00e1mite de veh\u00edculos (pago, retiro de placas y sticker).<\/p>\n<\/div>\n<\/div>\n\n\n\n<div class=\"wp-block-columns are-vertically-aligned-center gutenify-section-63931e80-a8f3-11ef-887c-f30b00515d96 is-layout-flex wp-container-core-columns-is-layout-28f84493 wp-block-columns-is-layout-flex\">\n<div class=\"wp-block-column is-vertically-aligned-center gutenify-section-638eb1b0-a8f3-11ef-887c-f30b00515d96 is-layout-flow wp-block-column-is-layout-flow\" style=\"flex-basis:52%\"><\/div>\n\n\n\n<div class=\"wp-block-column is-vertically-aligned-center gutenify-section-639149c0-a8f3-11ef-887c-f30b00515d96 is-layout-flow wp-block-column-is-layout-flow\"><p><iframe src=\"https:\/\/www.google.com\/maps\/embed?pb=!1m18!1m12!1m3!1d2953.515468898621!2d-79.45285557863699!3d9.051529373020223!2m3!1f0!2f0!3f0!3m2!1i1024!2i768!4f13.1!3m3!1m2!1s0x8fab55ec14878407%3A0x82783810d90ce582!2sMunicipio%20De%20San%20Miguelito!5e0!3m2!1ses-419!2spa!4v1732294909921!5m2!1ses-419!2spa\" width=\"600\" height=\"450\" style=\"border:0;\" allowfullscreen=\"\" loading=\"lazy\" referrerpolicy=\"no-referrer-when-downgrade\"><\/iframe><\/p>\n<\/div>\n<\/div>\n\n\n\n<p><\/p>\n","protected":false},"excerpt":{"rendered":"<p>Direcci\u00f3n: Calle Pellin, Detras de la Escuela Primer Ciclo Louis Matinz. Horario: Desde las 8:00 a.m. hasta las 4:00 p.m. Servicios: Tr\u00e1mites de negocios (inscripci\u00f3n, cierre, aumento de actividad, cambio de raz\u00f3n social), pago de placas y venta de tarjeta de fumigaci\u00f3n. Direcci\u00f3n: Metromall, Segundo piso. Horario: Desde las 8:00 a.m. hasta las 4:00 p.m. [&hellip;]<\/p>\n","protected":false},"author":1,"featured_media":0,"parent":0,"menu_order":0,"comment_status":"closed","ping_status":"closed","template":"","meta":{"inline_featured_image":false,"footnotes":""},"class_list":["post-701","page","type-page","status-publish","hentry"],"blocksy_meta":[],"_links":{"self":[{"href":"https:\/\/alcaldiasanmiguelito.gob.pa\/index.php?rest_route=\/wp\/v2\/pages\/701","targetHints":{"allow":["GET"]}}],"collection":[{"href":"https:\/\/alcaldiasanmiguelito.gob.pa\/index.php?rest_route=\/wp\/v2\/pages"}],"about":[{"href":"https:\/\/alcaldiasanmiguelito.gob.pa\/index.php?rest_route=\/wp\/v2\/types\/page"}],"author":[{"embeddable":true,"href":"https:\/\/alcaldiasanmiguelito.gob.pa\/index.php?rest_route=\/wp\/v2\/users\/1"}],"replies":[{"embeddable":true,"href":"https:\/\/alcaldiasanmiguelito.gob.pa\/index.php?rest_route=%2Fwp%2Fv2%2Fcomments&post=701"}],"version-history":[{"count":37,"href":"https:\/\/alcaldiasanmiguelito.gob.pa\/index.php?rest_route=\/wp\/v2\/pages\/701\/revisions"}],"predecessor-version":[{"id":2898,"href":"https:\/\/alcaldiasanmiguelito.gob.pa\/index.php?rest_route=\/wp\/v2\/pages\/701\/revisions\/2898"}],"wp:attachment":[{"href":"https:\/\/alcaldiasanmiguelito.gob.pa\/index.php?rest_route=%2Fwp%2Fv2%2Fmedia&parent=701"}],"curies":[{"name":"wp","href":"https:\/\/api.w.org\/{rel}","templated":true}]}}