{"id":2667,"date":"2025-11-14T09:15:04","date_gmt":"2025-11-14T14:15:04","guid":{"rendered":"https:\/\/alcaldiasanmiguelito.gob.pa\/?page_id=2667"},"modified":"2025-11-17T09:21:54","modified_gmt":"2025-11-17T14:21:54","slug":"mision-limpieza","status":"publish","type":"page","link":"https:\/\/alcaldiasanmiguelito.gob.pa\/?page_id=2667","title":{"rendered":"Misi\u00f3n Limpieza"},"content":{"rendered":"\n<div class=\"wp-block-cover alignfull is-light\" style=\"padding-bottom:var(--wp--preset--spacing--60)\"><img decoding=\"async\" width=\"1024\" height=\"576\" class=\"wp-block-cover__image-background wp-image-2680 size-large\" alt=\"\" src=\"https:\/\/alcaldiasanmiguelito.gob.pa\/wp-content\/uploads\/2025\/11\/ASM-MisionLimpieza-11-1024x576.jpg\" data-object-fit=\"cover\" srcset=\"https:\/\/alcaldiasanmiguelito.gob.pa\/wp-content\/uploads\/2025\/11\/ASM-MisionLimpieza-11-1024x576.jpg 1024w, https:\/\/alcaldiasanmiguelito.gob.pa\/wp-content\/uploads\/2025\/11\/ASM-MisionLimpieza-11-300x169.jpg 300w, https:\/\/alcaldiasanmiguelito.gob.pa\/wp-content\/uploads\/2025\/11\/ASM-MisionLimpieza-11-768x432.jpg 768w, https:\/\/alcaldiasanmiguelito.gob.pa\/wp-content\/uploads\/2025\/11\/ASM-MisionLimpieza-11-1536x864.jpg 1536w, https:\/\/alcaldiasanmiguelito.gob.pa\/wp-content\/uploads\/2025\/11\/ASM-MisionLimpieza-11-2048x1152.jpg 2048w\" sizes=\"(max-width: 1024px) 100vw, 1024px\" \/><span aria-hidden=\"true\" class=\"wp-block-cover__background has-palette-color-8-background-color has-background-dim-30 has-background-dim\"><\/span><div class=\"wp-block-cover__inner-container is-layout-constrained wp-block-cover-is-layout-constrained\">\n\n\n<p class=\"has-text-align-center has-text-color has-link-color has-large-font-size wp-elements-41839326f57fa58d1c36f7d51f869df7\" style=\"color:#30aa61;margin-bottom:0\"><strong>Juntos por un distrito m\u00e1s limpio<\/strong><\/p>\n\n\n\n<div class=\"wp-block-columns is-layout-flex wp-container-core-columns-is-layout-cd6a0e38 wp-block-columns-is-layout-flex\" style=\"padding-bottom:0\">\n<div class=\"wp-block-column has-medium-font-size is-layout-flow wp-container-core-column-is-layout-8a368f38 wp-block-column-is-layout-flow\">\n<p>La Alcald\u00eda de San Miguelito trabaja junto a la comunidad para mantener nuestros espacios p\u00fablicos libres de basura y garantizar una gesti\u00f3n responsable de los residuos.<\/p>\n\n\n\n<div class=\"wp-block-columns is-layout-flex wp-container-core-columns-is-layout-73fbb1c8 wp-block-columns-is-layout-flex\" style=\"padding-top:var(--wp--preset--spacing--60)\">\n<div class=\"wp-block-column is-layout-flow wp-block-column-is-layout-flow\"><a class=\"guten-button guten-button-lg\" href=\"https:\/\/validly.alcaldiasanmiguelito.gob.pa\/aseo\/public\/\"><span>Actualiza tus datos<\/span><\/a><\/div>\n<\/div>\n<\/div>\n<\/div>\n<\/div><\/div>\n\n\n\n<p><\/p>\n\n\n\n<div class=\"wp-block-columns has-background is-layout-flex wp-container-core-columns-is-layout-9c22b1e3 wp-block-columns-is-layout-flex\" style=\"border-radius:30px;background-color:#30ab6121\">\n<div class=\"wp-block-column is-layout-flow wp-block-column-is-layout-flow\" style=\"padding-right:2%;padding-left:2%\">\n<h2 class=\"wp-block-heading has-text-color has-link-color wp-elements-064e4ae216a159b202c76a2b994ec667\" style=\"color:#30aa61;margin-top:3%;margin-bottom:0\">Evita sanciones, deposita tus residuos correctamente<\/h2>\n\n\n\n<p class=\"has-palette-color-3-color has-text-color has-link-color has-medium-font-size wp-elements-35ad21195ba179bc53fae89fe97a3eb8\">Las malas pr\u00e1cticas en el manejo de residuos afectan la salud, el ambiente y la imagen de nuestra comunidad. El Juzgado Administrativo de Aseo sanciona las faltas al Reglamento Municipal de Aseo. Cumplir las normas evita multas y contribuye a un distrito m\u00e1s limpio.<\/p>\n\n\n\n<p class=\"has-palette-color-3-color has-text-color has-link-color has-medium-font-size wp-elements-fda199bf301532b0918622c027debd5e\"><strong>Tabla o listado de infracciones y multas:<\/strong><\/p>\n\n\n\n<figure class=\"wp-block-table is-style-regular has-medium-font-size\"><table class=\"has-palette-color-3-color has-text-color has-link-color has-border-color has-palette-color-3-border-color\" style=\"border-width:1px\"><thead><tr><th class=\"has-text-align-center\" data-align=\"center\">Infracci\u00f3n<\/th><th class=\"has-text-align-center\" data-align=\"center\">Multa (B\/.)<\/th><\/tr><\/thead><tbody><tr><td class=\"has-text-align-center\" data-align=\"center\">Tirar basura en \u00e1reas p\u00fablicas<\/td><td class=\"has-text-align-center\" data-align=\"center\">25.00 \u2013 300.00<\/td><\/tr><tr><td class=\"has-text-align-center\" data-align=\"center\">Depositar basura fuera del horario<\/td><td class=\"has-text-align-center\" data-align=\"center\">25.00 \u2013 300.00<\/td><\/tr><tr><td class=\"has-text-align-center\" data-align=\"center\">Arrojar residuos desde veh\u00edculos<\/td><td class=\"has-text-align-center\" data-align=\"center\">75.00 \u2013 300.00<\/td><\/tr><tr><td class=\"has-text-align-center\" data-align=\"center\">Lavar autos en la v\u00eda p\u00fablica<\/td><td class=\"has-text-align-center\" data-align=\"center\">50.00 \u2013 500.00<\/td><\/tr><tr><td class=\"has-text-align-center\" data-align=\"center\">Quemar basura al aire libre<\/td><td class=\"has-text-align-center\" data-align=\"center\">100.00 \u2013 1,000.00<\/td><\/tr><tr><td class=\"has-text-align-center\" data-align=\"center\">Colocar basura en bolsas inadecuadas<\/td><td class=\"has-text-align-center\" data-align=\"center\">25.00 \u2013 500.00<\/td><\/tr><tr><td class=\"has-text-align-center\" data-align=\"center\">Fomentar vertederos a cielo abierto<\/td><td class=\"has-text-align-center\" data-align=\"center\">1,000.00 \u2013 5,000.00<\/td><\/tr><\/tbody><\/table><\/figure>\n\n\n\n<p class=\"has-medium-font-size\" style=\"margin-top:0;margin-bottom:0\">Las sanciones aumentan si reincides o si eres persona jur\u00eddica.<\/p>\n\n\n\n<p class=\"has-large-font-size\" style=\"margin-bottom:0\"><strong>Cumple y s\u00e9 parte de Misi\u00f3n Limpieza.<\/strong><\/p>\n\n\n\n<p class=\"has-medium-font-size\" style=\"margin-bottom:var(--wp--preset--spacing--70)\">Evitemos juntos los puntos cr\u00edticos y mantengamos limpio nuestro distrito.<\/p>\n<\/div>\n<\/div>\n\n\n\n<div class=\"wp-block-columns is-layout-flex wp-container-core-columns-is-layout-28f84493 wp-block-columns-is-layout-flex\">\n<div class=\"wp-block-column is-layout-flow wp-block-column-is-layout-flow\">\n<div class=\"wp-block-cover\" style=\"border-radius:30px\"><img decoding=\"async\" width=\"1024\" height=\"576\" class=\"wp-block-cover__image-background wp-image-2681 size-large\" alt=\"\" src=\"https:\/\/alcaldiasanmiguelito.gob.pa\/wp-content\/uploads\/2025\/11\/ASM-MisionLimpieza-12-1024x576.jpg\" data-object-fit=\"cover\" srcset=\"https:\/\/alcaldiasanmiguelito.gob.pa\/wp-content\/uploads\/2025\/11\/ASM-MisionLimpieza-12-1024x576.jpg 1024w, https:\/\/alcaldiasanmiguelito.gob.pa\/wp-content\/uploads\/2025\/11\/ASM-MisionLimpieza-12-300x169.jpg 300w, https:\/\/alcaldiasanmiguelito.gob.pa\/wp-content\/uploads\/2025\/11\/ASM-MisionLimpieza-12-768x432.jpg 768w, https:\/\/alcaldiasanmiguelito.gob.pa\/wp-content\/uploads\/2025\/11\/ASM-MisionLimpieza-12-1536x864.jpg 1536w, https:\/\/alcaldiasanmiguelito.gob.pa\/wp-content\/uploads\/2025\/11\/ASM-MisionLimpieza-12-2048x1152.jpg 2048w\" sizes=\"(max-width: 1024px) 100vw, 1024px\" \/><span aria-hidden=\"true\" class=\"wp-block-cover__background has-background-dim-60 has-background-dim\" style=\"background-color:#0884a5\"><\/span><div class=\"wp-block-cover__inner-container is-layout-constrained wp-block-cover-is-layout-constrained\">\n<div class=\"wp-block-columns is-layout-flex wp-container-core-columns-is-layout-28f84493 wp-block-columns-is-layout-flex\">\n<div class=\"wp-block-column is-layout-flow wp-block-column-is-layout-flow\" style=\"padding-right:4%;padding-left:4%\">\n<h2 class=\"wp-block-heading has-palette-color-8-color has-text-color has-link-color wp-elements-02a194bdee11905cea130a9adb269c1c\">Denuncia las malas pr\u00e1cticas de aseo<\/h2>\n\n\n\n<p class=\"has-palette-color-8-color has-text-color has-link-color has-medium-font-size wp-elements-12eb3545dc5cfac15854b50ea3d21e6f\">Si observas personas o empresas arrojando basura, quemando desechos o creando vertederos, rep\u00f3rtalo de manera segura y responsable.<\/p>\n\n\n\n<p class=\"has-palette-color-8-color has-text-color has-link-color has-medium-font-size wp-elements-f11f20a2b9fc60d52a848cb2086b619d\" style=\"margin-bottom:0\"><strong>Medios de contacto:<\/strong><\/p>\n\n\n\n<ul class=\"wp-block-list has-palette-color-8-color has-text-color has-link-color has-medium-font-size wp-elements-f8b93e80e3e6cb444c9c89198a4a522d\">\n<li class=\"has-medium-font-size\">Tel\u00e9fono: 502-4411<\/li>\n\n\n\n<li>Direcci\u00f3n: Calle Pellin, detr\u00e1s de la Escuela Primer Ciclo Louis Martinz<\/li>\n\n\n\n<li>Redes sociales: @alcaldiasanmiguelito<\/li>\n<\/ul>\n<\/div>\n<\/div>\n<\/div><\/div>\n<\/div>\n<\/div>\n\n\n\n<div class=\"wp-block-columns is-layout-flex wp-container-core-columns-is-layout-28f84493 wp-block-columns-is-layout-flex\">\n<div class=\"wp-block-column is-layout-flow wp-block-column-is-layout-flow\">\n<div class=\"wp-block-cover\" style=\"border-radius:30px\"><img decoding=\"async\" width=\"1024\" height=\"576\" class=\"wp-block-cover__image-background wp-image-2682 size-large\" alt=\"\" src=\"https:\/\/alcaldiasanmiguelito.gob.pa\/wp-content\/uploads\/2025\/11\/ASM-MisionLimpieza-13-1024x576.jpg\" data-object-fit=\"cover\" srcset=\"https:\/\/alcaldiasanmiguelito.gob.pa\/wp-content\/uploads\/2025\/11\/ASM-MisionLimpieza-13-1024x576.jpg 1024w, https:\/\/alcaldiasanmiguelito.gob.pa\/wp-content\/uploads\/2025\/11\/ASM-MisionLimpieza-13-300x169.jpg 300w, https:\/\/alcaldiasanmiguelito.gob.pa\/wp-content\/uploads\/2025\/11\/ASM-MisionLimpieza-13-768x432.jpg 768w, https:\/\/alcaldiasanmiguelito.gob.pa\/wp-content\/uploads\/2025\/11\/ASM-MisionLimpieza-13-1536x864.jpg 1536w, https:\/\/alcaldiasanmiguelito.gob.pa\/wp-content\/uploads\/2025\/11\/ASM-MisionLimpieza-13-2048x1152.jpg 2048w\" sizes=\"(max-width: 1024px) 100vw, 1024px\" \/><span aria-hidden=\"true\" class=\"wp-block-cover__background has-background-dim-40 has-background-dim\" style=\"background-color:#30aa61\"><\/span><div class=\"wp-block-cover__inner-container is-layout-constrained wp-block-cover-is-layout-constrained\">\n<div class=\"wp-block-columns is-layout-flex wp-container-core-columns-is-layout-28f84493 wp-block-columns-is-layout-flex\">\n<div class=\"wp-block-column is-layout-flow wp-block-column-is-layout-flow\" style=\"padding-right:4%;padding-left:4%\">\n<h2 class=\"wp-block-heading has-palette-color-8-color has-text-color has-link-color wp-elements-466a4db52c6dfcb635c503b70ba1061b\" style=\"margin-top:4%;margin-bottom:0\">Actualiza tus datos y evita cobros distintos<\/h2>\n\n\n\n<p class=\"has-palette-color-8-color has-text-color has-link-color has-medium-font-size wp-elements-51954fcdaf2895d94023a8cb98186290\">La Alcald\u00eda de San Miguelito est\u00e1 actualizando los datos de todos los vecinos del distrito. Este proceso es fundamental, ya que a partir de enero de 2026 la Alcald\u00eda asumir\u00e1 directamente la gesti\u00f3n de cobros del servicio de recolecci\u00f3n de residuos.<br>Tener tus datos actualizados nos permitir\u00e1 mantener tu tarifa sin cambios y evitar cobros diferentes.<\/p>\n\n\n\n<p class=\"has-palette-color-8-color has-text-color has-link-color has-medium-font-size wp-elements-0c805bc7edb6811079ac930acc014393\" style=\"margin-bottom:var(--wp--preset--spacing--50)\"><strong>Periodo de actualizaci\u00f3n: <\/strong>Del 17 de noviembre al 31 de diciembre de 2025<\/p>\n\n\n\n<p class=\"has-palette-color-8-color has-text-color has-link-color has-medium-font-size wp-elements-66b6a1c0bfaf60c09cfd83e94e388c43\" style=\"margin-bottom:0\"><strong>Medios para actualizar tus datos:<\/strong><\/p>\n\n\n\n<ul class=\"wp-block-list has-palette-color-8-color has-text-color has-link-color has-medium-font-size wp-elements-1ce79c9284535a393c76ae4fd376e561\">\n<li class=\"has-medium-font-size\">WhatsApp oficial: +507 6850-5613<\/li>\n\n\n\n<li>Formulario en l\u00ednea: <a href=\"https:\/\/validly.alcaldiasanmiguelito.gob.pa\/aseo\/public\/\" target=\"_blank\" rel=\"noreferrer noopener\">Clic aqu\u00ed<\/a><\/li>\n\n\n\n<li>Sede principal: Alcald\u00eda de San Miguelito<\/li>\n<\/ul>\n\n\n\n<p class=\"has-medium-font-size\"><strong>Requisitos: <\/strong>Solo necesitas tu <strong>recibo de luz<\/strong>, donde se vea la <strong>tasa de aseo y el NAC<\/strong>.<\/p>\n\n\n\n<p class=\"has-large-font-size\" style=\"margin-bottom:var(--wp--preset--spacing--50)\"><strong>\u00a1Actualiza tus datos ahora!<\/strong><\/p>\n<\/div>\n<\/div>\n<\/div><\/div>\n<\/div>\n<\/div>\n\n\n\n<div class=\"wp-block-columns is-layout-flex wp-container-core-columns-is-layout-28f84493 wp-block-columns-is-layout-flex\">\n<div class=\"wp-block-column is-layout-flow wp-block-column-is-layout-flow\">\n<div class=\"wp-block-cover is-light\" style=\"border-radius:30px\"><img decoding=\"async\" width=\"1024\" height=\"576\" class=\"wp-block-cover__image-background wp-image-2680 size-large\" alt=\"\" src=\"https:\/\/alcaldiasanmiguelito.gob.pa\/wp-content\/uploads\/2025\/11\/ASM-MisionLimpieza-11-1024x576.jpg\" data-object-fit=\"cover\" srcset=\"https:\/\/alcaldiasanmiguelito.gob.pa\/wp-content\/uploads\/2025\/11\/ASM-MisionLimpieza-11-1024x576.jpg 1024w, https:\/\/alcaldiasanmiguelito.gob.pa\/wp-content\/uploads\/2025\/11\/ASM-MisionLimpieza-11-300x169.jpg 300w, https:\/\/alcaldiasanmiguelito.gob.pa\/wp-content\/uploads\/2025\/11\/ASM-MisionLimpieza-11-768x432.jpg 768w, https:\/\/alcaldiasanmiguelito.gob.pa\/wp-content\/uploads\/2025\/11\/ASM-MisionLimpieza-11-1536x864.jpg 1536w, https:\/\/alcaldiasanmiguelito.gob.pa\/wp-content\/uploads\/2025\/11\/ASM-MisionLimpieza-11-2048x1152.jpg 2048w\" sizes=\"(max-width: 1024px) 100vw, 1024px\" \/><span aria-hidden=\"true\" class=\"wp-block-cover__background has-palette-color-8-background-color has-background-dim-40 has-background-dim\"><\/span><div class=\"wp-block-cover__inner-container is-layout-constrained wp-block-cover-is-layout-constrained\">\n<div class=\"wp-block-columns is-layout-flex wp-container-core-columns-is-layout-28f84493 wp-block-columns-is-layout-flex\">\n<div class=\"wp-block-column is-layout-flow wp-block-column-is-layout-flow\" style=\"padding-right:4%;padding-left:4%\">\n<h2 class=\"wp-block-heading has-text-color has-link-color wp-elements-6cd37d0cf658e1649c8cd71962f9a04c\" style=\"color:#30aa61;margin-top:4%;margin-bottom:0\">\u00bfQu\u00e9 es Misi\u00f3n Limpieza?<\/h2>\n\n\n\n<p class=\"has-palette-color-3-color has-text-color has-link-color has-medium-font-size wp-elements-24881f7b2d26a34fa999f158e2acaaf6\" style=\"margin-bottom:0\">Misi\u00f3n Limpieza es una estrategia permanente de la Alcald\u00eda de San Miguelito para fortalecer la gesti\u00f3n de residuos, recuperar espacios p\u00fablicos y promover la cultura de limpieza y responsabilidad ciudadana.<br>Incluye acciones de limpieza comunitaria, campa\u00f1as educativas y la aplicaci\u00f3n del reglamento municipal de aseo.<\/p>\n\n\n<\/div>\n<\/div>\n<\/div><\/div>\n<\/div>\n<\/div>\n\n\n\n<p><\/p>\n","protected":false},"excerpt":{"rendered":"<p>Evita sanciones, deposita tus residuos correctamente Las malas pr\u00e1cticas en el manejo de residuos afectan la salud, el ambiente y la imagen de nuestra comunidad. El Juzgado Administrativo de Aseo sanciona las faltas al Reglamento Municipal de Aseo. Cumplir las normas evita multas y contribuye a un distrito m\u00e1s limpio. Tabla o listado de infracciones [&hellip;]<\/p>\n","protected":false},"author":1,"featured_media":0,"parent":0,"menu_order":0,"comment_status":"closed","ping_status":"closed","template":"","meta":{"inline_featured_image":false,"footnotes":""},"class_list":["post-2667","page","type-page","status-publish","hentry"],"blocksy_meta":[],"_links":{"self":[{"href":"https:\/\/alcaldiasanmiguelito.gob.pa\/index.php?rest_route=\/wp\/v2\/pages\/2667","targetHints":{"allow":["GET"]}}],"collection":[{"href":"https:\/\/alcaldiasanmiguelito.gob.pa\/index.php?rest_route=\/wp\/v2\/pages"}],"about":[{"href":"https:\/\/alcaldiasanmiguelito.gob.pa\/index.php?rest_route=\/wp\/v2\/types\/page"}],"author":[{"embeddable":true,"href":"https:\/\/alcaldiasanmiguelito.gob.pa\/index.php?rest_route=\/wp\/v2\/users\/1"}],"replies":[{"embeddable":true,"href":"https:\/\/alcaldiasanmiguelito.gob.pa\/index.php?rest_route=%2Fwp%2Fv2%2Fcomments&post=2667"}],"version-history":[{"count":35,"href":"https:\/\/alcaldiasanmiguelito.gob.pa\/index.php?rest_route=\/wp\/v2\/pages\/2667\/revisions"}],"predecessor-version":[{"id":2734,"href":"https:\/\/alcaldiasanmiguelito.gob.pa\/index.php?rest_route=\/wp\/v2\/pages\/2667\/revisions\/2734"}],"wp:attachment":[{"href":"https:\/\/alcaldiasanmiguelito.gob.pa\/index.php?rest_route=%2Fwp%2Fv2%2Fmedia&parent=2667"}],"curies":[{"name":"wp","href":"https:\/\/api.w.org\/{rel}","templated":true}]}}