{"id":2062,"date":"2025-07-04T16:22:40","date_gmt":"2025-07-04T21:22:40","guid":{"rendered":"https:\/\/alcaldiasanmiguelito.gob.pa\/?page_id=2062"},"modified":"2025-07-04T16:27:16","modified_gmt":"2025-07-04T21:27:16","slug":"sdi","status":"publish","type":"page","link":"https:\/\/alcaldiasanmiguelito.gob.pa\/?page_id=2062","title":{"rendered":"SDI"},"content":{"rendered":"\n<p><\/p>\n\n\n\n<div class=\"wp-block-columns is-layout-flex wp-container-core-columns-is-layout-dc63b7a3 wp-block-columns-is-layout-flex\" style=\"margin-top:var(--wp--preset--spacing--60)\">\n<div class=\"wp-block-column is-layout-flow wp-block-column-is-layout-flow\" style=\"padding-right:var(--wp--preset--spacing--50);padding-left:var(--wp--preset--spacing--50)\">\n<p>La normativa de Contrataciones P\u00fablicas permite realizar consultas de mercado (<strong>Art\u00edculo 48 del Decreto Ejecutivo No. 439<\/strong>), mediante la cual antes de convocar un procedimiento de selecci\u00f3n de contratista, las entidades, como la Alcald\u00eda, pueden hacer llamados p\u00fablicos y abiertos a trav\u00e9s de medios electr\u00f3nicos, con el objeto de obtener informaci\u00f3n acerca de los precios, costos asociados, caracter\u00edsticas de los bienes, servicios u obras requeridos, tiempo de preparaci\u00f3n de las propuestas o cualquier otra informaci\u00f3n que se requiera para la confecci\u00f3n del pliego de cargos.&nbsp;<\/p>\n\n\n\n<p style=\"margin-bottom:0\"><strong>\u00bfQu\u00e9 es una SDI?<\/strong>&nbsp;<\/p>\n\n\n\n<p>Una SDI significa \u201csolicitud de informaci\u00f3n\u201d, y es un documento sencillo, breve y eficaz, que se constituye como una herramienta para realizar consultas espec\u00edficas al mercado las cuales se publican en el portal de PanamaCompra. (<strong>Gu\u00eda pr\u00e1ctica de elaboraci\u00f3n de estudios previos y consultas al mercado para entidades licitantes 1.0<\/strong>)&nbsp;<\/p>\n\n\n\n<p style=\"margin-bottom:0\"><strong>\u00bfC\u00f3mo funciona?<\/strong>&nbsp;<\/p>\n\n\n\n<ol start=\"1\" class=\"wp-block-list\">\n<li>La Alcald\u00eda publica la SDI en PanamaCompra por un periodo,\u00a0<\/li>\n\n\n\n<li>Los interesados participan de la SDI, suscriben y remiten la informaci\u00f3n contemplada a la direcci\u00f3n contemplada en el documento,\u00a0<\/li>\n\n\n\n<li>La Alcald\u00eda remite un informe v\u00eda correo electr\u00f3nico de los resultados obtenidos a la DGCP, con el prop\u00f3sito de publicar en el portal de PanamaCompra.\u00a0<\/li>\n<\/ol>\n\n\n\n<ol start=\"2\" class=\"wp-block-list\"><\/ol>\n\n\n\n<ol start=\"3\" class=\"wp-block-list\"><\/ol>\n\n\n\n<p style=\"margin-bottom:0\"><strong>\u00bfQu\u00e9&nbsp;no es una SDI?<\/strong>&nbsp;<\/p>\n\n\n\n<ul class=\"wp-block-list\">\n<li>No es un requisito previo o condicionante para participar en la licitaci\u00f3n de la concesi\u00f3n administrativa.\u00a0<\/li>\n\n\n\n<li>Tampoco es un mecanismo para otorgar beneficios adicionales a quienes respondan ni suministren informaci\u00f3n.\u00a0<\/li>\n\n\n\n<li>No es una forma de conceder favoritismo ni una imposici\u00f3n a la entidad licitante.\u00a0<\/li>\n<\/ul>\n\n\n\n<p style=\"margin-bottom:0\"><strong>\u00bfQu\u00e9&nbsp;s\u00ed es una SDI?<\/strong>&nbsp;<\/p>\n\n\n\n<ul class=\"wp-block-list\">\n<li>Es un proceso participativo con el prop\u00f3sito de obtener informaci\u00f3n sobre la capacidad del mercado, las caracter\u00edsticas de los bienes, servicios u obras requeridos, de los precios, de los costos asociados, del avance tecnol\u00f3gico, de la log\u00edstica de abastecimiento, de los tiempos de preparaci\u00f3n de las propuestas o cualquier otra informaci\u00f3n relevante que permita mejorar el Pliego de Cargos con entorno actual.\u00a0<\/li>\n\n\n\n<li>Es una herramienta pr\u00e1ctica de retroalimentaci\u00f3n que nos suministra informaci\u00f3n de uso exclusivo para la elaboraci\u00f3n y estructuraci\u00f3n del Pliego de Cargos, sobre la base de entender la experiencia en el mercado, capacidades t\u00e9cnicas, financieras, organizacional, precios del mercado, presupuesto, como tambi\u00e9n para el levantamiento de los servicios planteados.\u00a0<\/li>\n<\/ul>\n<\/div>\n<\/div>\n\n\n<a class=\"guten-button guten-button-sm\" href=\"https:\/\/www.panamacompra.gob.pa\/Inicio\/#\/acceso-directo\/estudio-de-mercado?q=9JiW5kTOukTN6kTN6MjMURDMtcDMtUjMwIjI6ICamJCLioFMwAjLwAjOwAjO1ADV0ATL2ATL1IDMyIiOiQmZiwiI2gzM1QDOxIiOiQWSkFGZpRnblJye\"><span>Enviar una SDI\u200b<\/span><\/a>","protected":false},"excerpt":{"rendered":"<p>La normativa de Contrataciones P\u00fablicas permite realizar consultas de mercado (Art\u00edculo 48 del Decreto Ejecutivo No. 439), mediante la cual antes de convocar un procedimiento de selecci\u00f3n de contratista, las entidades, como la Alcald\u00eda, pueden hacer llamados p\u00fablicos y abiertos a trav\u00e9s de medios electr\u00f3nicos, con el objeto de obtener informaci\u00f3n acerca de los precios, [&hellip;]<\/p>\n","protected":false},"author":1,"featured_media":0,"parent":0,"menu_order":0,"comment_status":"closed","ping_status":"closed","template":"","meta":{"inline_featured_image":false,"footnotes":""},"class_list":["post-2062","page","type-page","status-publish","hentry"],"blocksy_meta":[],"_links":{"self":[{"href":"https:\/\/alcaldiasanmiguelito.gob.pa\/index.php?rest_route=\/wp\/v2\/pages\/2062","targetHints":{"allow":["GET"]}}],"collection":[{"href":"https:\/\/alcaldiasanmiguelito.gob.pa\/index.php?rest_route=\/wp\/v2\/pages"}],"about":[{"href":"https:\/\/alcaldiasanmiguelito.gob.pa\/index.php?rest_route=\/wp\/v2\/types\/page"}],"author":[{"embeddable":true,"href":"https:\/\/alcaldiasanmiguelito.gob.pa\/index.php?rest_route=\/wp\/v2\/users\/1"}],"replies":[{"embeddable":true,"href":"https:\/\/alcaldiasanmiguelito.gob.pa\/index.php?rest_route=%2Fwp%2Fv2%2Fcomments&post=2062"}],"version-history":[{"count":3,"href":"https:\/\/alcaldiasanmiguelito.gob.pa\/index.php?rest_route=\/wp\/v2\/pages\/2062\/revisions"}],"predecessor-version":[{"id":2069,"href":"https:\/\/alcaldiasanmiguelito.gob.pa\/index.php?rest_route=\/wp\/v2\/pages\/2062\/revisions\/2069"}],"wp:attachment":[{"href":"https:\/\/alcaldiasanmiguelito.gob.pa\/index.php?rest_route=%2Fwp%2Fv2%2Fmedia&parent=2062"}],"curies":[{"name":"wp","href":"https:\/\/api.w.org\/{rel}","templated":true}]}}