{"id":1804,"date":"2025-05-20T13:48:53","date_gmt":"2025-05-20T18:48:53","guid":{"rendered":"https:\/\/alcaldiasanmiguelito.gob.pa\/?page_id=1804"},"modified":"2026-04-13T09:12:17","modified_gmt":"2026-04-13T14:12:17","slug":"dim","status":"publish","type":"page","link":"https:\/\/alcaldiasanmiguelito.gob.pa\/?page_id=1804","title":{"rendered":"Ingenier\u00eda Municipal"},"content":{"rendered":"\n<h4 class=\"wp-block-heading has-text-color has-link-color wp-elements-4b93f303634f3c35d681902ef0221842\" style=\"color:#002f6c;margin-top:var(--wp--preset--spacing--70)\">Requisitos para permisos de Ingenier\u00eda Municipal<\/h4>\n\n\n\n<p><\/p>\n\n\n\n<div class=\"wp-block-columns is-layout-flex wp-container-core-columns-is-layout-28f84493 wp-block-columns-is-layout-flex\">\n<div class=\"wp-block-column has-palette-color-5-background-color has-background is-layout-flow wp-container-core-column-is-layout-eb8d3fca wp-block-column-is-layout-flow\" style=\"border-radius:15px;padding-top:var(--wp--preset--spacing--30);padding-bottom:var(--wp--preset--spacing--30)\">\n\n\n<h4 class=\"wp-block-heading has-text-align-center has-text-color has-link-color wp-elements-d84b95e38ee0949c2404ddfe5d8432f1\" style=\"color:#002f6c;margin-bottom:var(--wp--preset--spacing--50);font-style:normal;font-weight:300\"><strong>Anteproyectos presentar:<\/strong><\/h4>\n\n\n\n<ol class=\"wp-block-list\">\n<li>Cart\u00f3n de anteproyecto con la descripci\u00f3n e informaci\u00f3n de la obra,\u202f<strong>firma del arquitecto responsable y del due\u00f1o<\/strong>. Costo B\/.50.00&nbsp;<\/li>\n\n\n\n<li>Planos arquitect\u00f3nicos:\u202f<strong>localizaci\u00f3n regional, general, plantas, elevaciones, un corte de secci\u00f3n<\/strong>.&nbsp;<\/li>\n\n\n\n<li><strong>Certificaci\u00f3n de la finca<\/strong>\u202f(Registro P\u00fablico).&nbsp;<\/li>\n\n\n\n<li>Deslindar el uso del suelo, l\u00ednea de construcci\u00f3n y servidumbre\u202f<strong>por el MIVI<\/strong>.&nbsp;<\/li>\n\n\n\n<li>Dependiendo del proyecto deber\u00e1\u202f<strong>presentar certificaci\u00f3n del IDAAN, ATTT, Sinaproc<\/strong>.&nbsp;<\/li>\n<\/ol>\n<\/div>\n\n\n\n<div class=\"wp-block-column has-palette-color-5-background-color has-background is-layout-flow wp-container-core-column-is-layout-eb8d3fca wp-block-column-is-layout-flow\" style=\"border-radius:15px;padding-top:var(--wp--preset--spacing--30);padding-bottom:var(--wp--preset--spacing--30)\">\n\n\n<h4 class=\"wp-block-heading has-text-align-center has-text-color has-link-color wp-elements-14bcd50e0158f64c050161bd677da84b\" style=\"color:#002f6c;margin-bottom:var(--wp--preset--spacing--50);font-style:normal;font-weight:300\"><strong>Aprobaci\u00f3n de planos presentar:<\/strong><\/h4>\n\n\n\n<ol class=\"wp-block-list\">\n<li>Planos completos en albanene\u202f<strong>con todos los sellos<\/strong>.&nbsp;<\/li>\n\n\n\n<li><strong>Certificaci\u00f3n de la finca<\/strong>\u202f(Registro P\u00fablico).&nbsp;<\/li>\n\n\n\n<li><strong>Copia de la resoluci\u00f3n<\/strong>\u202fde anteproyecto aprobado por el municipio si es el caso.&nbsp;<\/li>\n\n\n\n<li><strong>Certificaci\u00f3n del PH<\/strong>\u202fsi es el caso.&nbsp;<\/li>\n\n\n\n<li><strong>Pagar B\/5.00 balboas por hoja<\/strong>.&nbsp;<\/li>\n<\/ol>\n<\/div>\n<\/div>\n\n\n\n<div class=\"wp-block-columns is-layout-flex wp-container-core-columns-is-layout-28f84493 wp-block-columns-is-layout-flex\">\n<div class=\"wp-block-column has-palette-color-5-background-color has-background is-layout-flow wp-container-core-column-is-layout-eb8d3fca wp-block-column-is-layout-flow\" style=\"border-radius:15px;padding-top:var(--wp--preset--spacing--30);padding-bottom:var(--wp--preset--spacing--30)\">\n\n\n<h4 class=\"wp-block-heading has-text-align-center has-text-color has-link-color wp-elements-5a29f6a87aabdecee5542b209c0477e3\" style=\"color:#002f6c;margin-bottom:var(--wp--preset--spacing--50);font-style:normal;font-weight:300\"><strong><strong>Permiso de Construcci\u00f3n presentar:<\/strong>\u00a0<\/strong><\/h4>\n\n\n\n<ol class=\"wp-block-list\">\n<li>Solicitud dirigida a la Ingeniera Municipal,\u00a0<strong>Astrid Chanis<\/strong>, donde se solicite el permiso de construcci\u00f3n especificando los metros cuadrados de lo que se va a construir y el costo de la obra. La solicitud debe estar firmada por el propietario y sellada y firmada por un id\u00f3neo, el cual puede ser Arquitecto, Ingeniero o Maestro de Obras.<\/li>\n\n\n\n<li>Dos (2) juegos de copia de planos aprobados por Ingenier\u00eda Municipal.<\/li>\n\n\n\n<li>Certificaci\u00f3n del Registro P\u00fablico de la finca.<\/li>\n\n\n\n<li>Paz y salvo municipal del Arquitecto y del propietario (el mismo debe ser del Municipio de San Miguelito).<\/li>\n\n\n\n<li>Copia del permiso del Cuerpo de Bomberos y del Ministerio de Salud.<\/li>\n\n\n\n<li>Copia de c\u00e9dula del propietario y del profesional que sella el plano.<\/li>\n\n\n\n<li>Resoluci\u00f3n de la Junta T\u00e9cnica, en caso de ser una empresa constructora.<\/li>\n\n\n\n<li>Pago de\u00a0<strong>B\/.50.00 balboas<\/strong>\u00a0por el cart\u00f3n de permiso de construcci\u00f3n y\u00a0<strong>B\/.5.00 balboas<\/strong>\u00a0por el paz y salvo municipal.<\/li>\n<\/ol>\n\n\n\n<p><\/p>\n\n\n\n<p style=\"margin-top:var(--wp--preset--spacing--60);margin-right:var(--wp--preset--spacing--60);margin-bottom:0;margin-left:var(--wp--preset--spacing--60)\"><strong>IMPORTANTE: <\/strong>Todos los documentos deben ser presentados en formato digital, ya sea a trav\u00e9s de una USB o enviados al siguiente correo electr\u00f3nico:<\/p>\n\n\n\n<p class=\"has-text-color has-link-color wp-elements-ec36ec0e077f8846c4737adf53d49f01\" style=\"color:#00a9e0;margin-top:0;margin-right:var(--wp--preset--spacing--60);margin-bottom:0;margin-left:var(--wp--preset--spacing--60)\"><strong>ingenieria.tramites@sanmiguelito.gob.pa<\/strong>&nbsp;<\/p>\n<\/div>\n\n\n\n<div class=\"wp-block-column has-palette-color-5-background-color has-background is-layout-flow wp-container-core-column-is-layout-eb8d3fca wp-block-column-is-layout-flow\" style=\"border-radius:15px;padding-top:var(--wp--preset--spacing--30);padding-bottom:var(--wp--preset--spacing--30)\">\n\n\n<h4 class=\"wp-block-heading has-text-align-center has-text-color has-link-color wp-elements-13f38ccc9828b3969260e7f5f41fbb30\" style=\"color:#002f6c;margin-bottom:var(--wp--preset--spacing--50);font-style:normal;font-weight:300\"><strong><strong>Permiso de Visto Bueno Anexo presentar:<\/strong>\u00a0<\/strong><\/h4>\n\n\n\n<ol class=\"wp-block-list\">\n<li>Solicitud dirigida a la Ingeniera Municipal,\u00a0<strong>Astrid Chanis<\/strong>, donde se solicite el permiso de\u00a0<strong>Visto Bueno Anexo<\/strong>, especificando los metros cuadrados de lo que se va a construir y el costo de la obra, firmado por el propietario, sellado y firmado por un id\u00f3neo (Arquitecto, Ingeniero o Maestro de Obras).<\/li>\n\n\n\n<li>El memorial debe incluir: finca, tomo, folio, direcci\u00f3n, n\u00famero de casa, calle, tel\u00e9fono y corregimiento.<\/li>\n\n\n\n<li>Copia de las escrituras de la propiedad o certificaci\u00f3n del Registro P\u00fablico, copia de c\u00e9dula del propietario y paz y salvo municipal.<\/li>\n\n\n\n<li>Presentar croquis de la mejora o construcci\u00f3n a realizar en planta con sus respectivas medidas en metros, detallando lo existente. El mismo debe estar sellado por un Arquitecto, Ingeniero o Maestro de Obras.<\/li>\n\n\n\n<li>Copia de c\u00e9dula del id\u00f3neo que sella el croquis y el memorial, y paz y salvo del arquitecto y del propietario.<\/li>\n\n\n\n<li>Si se trata de un muro medianero entre dos casas, se deber\u00e1 presentar copia de las escrituras de ambas propiedades y c\u00e9dulas de ambos propietarios, adem\u00e1s de carta de autorizaci\u00f3n.<\/li>\n\n\n\n<li>Pago de\u00a0<strong>B\/.15.00 balboas<\/strong>\u00a0por el cart\u00f3n de permiso de construcci\u00f3n y\u00a0<strong>B\/.5.00 balboas<\/strong>\u00a0por el paz y salvo municipal.<\/li>\n\n\n\n<li>El permiso de construcci\u00f3n deber\u00e1 ser retirado en un plazo de\u00a0<strong>10 d\u00edas h\u00e1biles<\/strong>.<br><br><strong>Nota:<\/strong>\u202fSi el anexo incluye electricidad o plomer\u00eda, deber\u00e1 presentarse un plano con sello de los id\u00f3neos e instituciones correspondientes.<\/li>\n<\/ol>\n<\/div>\n<\/div>\n\n\n\n<div class=\"wp-block-columns is-layout-flex wp-container-core-columns-is-layout-28f84493 wp-block-columns-is-layout-flex\">\n<div class=\"wp-block-column has-palette-color-5-background-color has-background is-layout-flow wp-container-core-column-is-layout-eb8d3fca wp-block-column-is-layout-flow\" style=\"border-radius:15px;padding-top:var(--wp--preset--spacing--30);padding-bottom:var(--wp--preset--spacing--30)\">\n\n\n<h4 class=\"wp-block-heading has-text-align-center has-text-color has-link-color wp-elements-5977c939e6e85ccec023ed0ab8103771\" style=\"color:#002f6c;margin-bottom:var(--wp--preset--spacing--50);font-style:normal;font-weight:300\"><strong><strong>Permiso de Demolici\u00f3n presentar:<\/strong>&nbsp;<\/strong><\/h4>\n\n\n\n<ol class=\"wp-block-list\">\n<li>Memorial dirigido a la\u202f<strong>Ing. Astrid Chanis<\/strong>.&nbsp;<\/li>\n\n\n\n<li><strong>Paz y salvo municipal<\/strong>, due\u00f1o y responsable t\u00e9cnico.&nbsp;<\/li>\n\n\n\n<li><strong>Copia de c\u00e9dula<\/strong>\u202fde ambos.&nbsp;<\/li>\n\n\n\n<li><strong>Croquis con la ubicaci\u00f3n del inmueble<\/strong>\u202fa demoler.&nbsp;<\/li>\n\n\n\n<li><strong>Certificaci\u00f3n de la finca<\/strong>\u202f(Registro P\u00fablico).&nbsp;<\/li>\n\n\n\n<li><strong>V.B. de la Junta Comunal del \u00e1rea<\/strong>.&nbsp;<\/li>\n\n\n\n<li><strong>Permiso de demolici\u00f3n de bomberos y salud<\/strong>.&nbsp;<\/li>\n<\/ol>\n<\/div>\n\n\n\n<div class=\"wp-block-column has-palette-color-5-background-color has-background is-layout-flow wp-container-core-column-is-layout-eb8d3fca wp-block-column-is-layout-flow\" style=\"border-radius:15px;padding-top:var(--wp--preset--spacing--30);padding-bottom:var(--wp--preset--spacing--30)\">\n\n\n<h4 class=\"wp-block-heading has-text-align-center has-text-color has-link-color wp-elements-6e9774caa789fdfacb2d75edac2a90b0\" style=\"color:#002f6c;margin-bottom:var(--wp--preset--spacing--50);font-style:normal;font-weight:300\"><strong><strong>Permiso\u202fde\u202fOcupaci\u00f3n\u202fpresentar:<\/strong>&nbsp;<\/strong><\/h4>\n\n\n\n<ol class=\"wp-block-list\">\n<li><strong>Memorial\u202fdirigido\u202fa\u202fla\u202fIng.\u202fAstrid\u202fChanis.<\/strong>&nbsp;<\/li>\n\n\n\n<li><strong>Paz\u202fy\u202fsalvo\u202fmunicipal.<\/strong>&nbsp;<\/li>\n\n\n\n<li><strong>Copia\u202fde\u202fpermiso\u202fde\u202fconstrucci\u00f3n\u202ffinal\u202fdel\u202fmunicipio.<\/strong>&nbsp;<\/li>\n\n\n\n<li><strong>Original\u202fy\u202fcopia\u202fdel\u202fpermiso\u202fde\u202focupaci\u00f3n\u202fdel\u202fcuerpo\u202fde\u202fbomberos.<\/strong>&nbsp;<\/li>\n\n\n\n<li><strong>Adjuntar\u202ffotos\u202fdel\u202flocal\u202fo\u202fresidencia\u202fa\u202focupar.<\/strong>&nbsp;<\/li>\n<\/ol>\n<\/div>\n<\/div>\n\n\n\n<div class=\"wp-block-columns is-layout-flex wp-container-core-columns-is-layout-28f84493 wp-block-columns-is-layout-flex\">\n<div class=\"wp-block-column has-palette-color-5-background-color has-background is-layout-flow wp-container-core-column-is-layout-eb8d3fca wp-block-column-is-layout-flow\" style=\"border-radius:15px;padding-top:var(--wp--preset--spacing--30);padding-bottom:var(--wp--preset--spacing--30)\">\n\n\n<h4 class=\"wp-block-heading has-text-align-center has-text-color has-link-color wp-elements-191072ea56d64d12f8f8f7714c17a95a\" style=\"color:#002f6c;margin-bottom:var(--wp--preset--spacing--50);font-style:normal;font-weight:300\"><strong><strong>Permiso Preliminar Inicial de Construcci\u00f3n (PPI)<\/strong><\/strong>,<strong><strong> presentar:<\/strong>\u00a0<\/strong><\/h4>\n\n\n\n<p style=\"margin-right:var(--wp--preset--spacing--40);margin-left:var(--wp--preset--spacing--40)\"><strong>Nota importante:<\/strong><\/p>\n\n\n\n<p style=\"margin-right:var(--wp--preset--spacing--40);margin-left:var(--wp--preset--spacing--40)\">El Permiso de Construcci\u00f3n Preliminar se otorga como medida temporal mientras el interesado gestiona la revisi\u00f3n de planos y las aprobaciones requeridas por otras instituciones competentes (Bomberos, entre otras).<\/p>\n\n\n\n<p style=\"margin-right:var(--wp--preset--spacing--40);margin-left:var(--wp--preset--spacing--40)\">Este permiso tiene una vigencia de\u00a0<strong>3 meses<\/strong>. Al culminar este plazo, el solicitante deber\u00e1 tramitar el\u00a0<strong>Permiso de Construcci\u00f3n Final<\/strong>.<\/p>\n\n\n\n<p style=\"margin-right:var(--wp--preset--spacing--40);margin-left:var(--wp--preset--spacing--40)\">En caso de no presentar esta solicitud, se proceder\u00e1 a la\u00a0<strong>suspensi\u00f3n de la obra<\/strong>, conforme al\u00a0<strong>Acuerdo Municipal N.\u00b0 128 del 23 de diciembre de 2024<\/strong>.<\/p>\n\n\n\n<p style=\"margin-right:var(--wp--preset--spacing--40);margin-left:var(--wp--preset--spacing--40)\">Para obtener el Permiso de Construcci\u00f3n Final, deber\u00e1n presentarse los planos debidamente sellados y la documentaci\u00f3n de aprobaci\u00f3n de\u00a0<strong>Bomberos, Salud<\/strong>\u00a0y dem\u00e1s instituciones que correspondan.<\/p>\n\n\n\n<p><\/p>\n\n\n\n<p style=\"margin-right:var(--wp--preset--spacing--40);margin-left:var(--wp--preset--spacing--40)\"><strong>Requisitos para la solicitud del permiso:<\/strong><\/p>\n\n\n\n<ol class=\"wp-block-list\">\n<li>Memorial (nota) dirigido a la Ingeniera\u00a0<strong>Astrid Chanis<\/strong>, Directora de Ingenier\u00eda Municipal, donde se especifique: costo de la obra, ubicaci\u00f3n del lote, registro de propiedad (finca, tomo, folio o su equivalente), nombre del due\u00f1o de la construcci\u00f3n y del propietario del terreno donde se edificar\u00e1. Esta solicitud deber\u00e1 estar firmada y sellada por el responsable t\u00e9cnico de la obra, incluyendo direcci\u00f3n, n\u00famero de tel\u00e9fono y copia de c\u00e9dula.\n<ul class=\"wp-block-list\">\n<li>Si el presupuesto supera los\u00a0<strong>B\/.10,001<\/strong>, se realizar\u00e1 una inspecci\u00f3n previa.<\/li>\n<\/ul>\n<\/li>\n\n\n\n<li>Copia de c\u00e9dula y paz y salvo municipal del id\u00f3neo que sella el memorial y los planos.<\/li>\n\n\n\n<li>Certificaci\u00f3n del Registro P\u00fablico de la finca o escritura de la propiedad.<\/li>\n\n\n\n<li>El memorial deber\u00e1 estar firmado por quienes figuren en la escritura de la propiedad. Se deber\u00e1n adjuntar copias de c\u00e9dula y paz y salvo. En caso de tratarse de una empresa o sociedad, deber\u00e1 firmar quien figure como representante legal en la certificaci\u00f3n de personer\u00eda jur\u00eddica de la misma.<\/li>\n\n\n\n<li>Copia de la resoluci\u00f3n de la Junta T\u00e9cnica, en caso de que el solicitante sea una empresa constructora.<\/li>\n\n\n\n<li>Adjuntar copias de los planos debidamente sellados y firmados por todos los id\u00f3neos. Adem\u00e1s, deben contar con el sello de ingreso otorgado en la Direcci\u00f3n de Ingenier\u00eda Municipal, el cual ser\u00e1 utilizado para la ejecuci\u00f3n de la obra.<\/li>\n<\/ol>\n<\/div>\n\n\n\n<div class=\"wp-block-column is-layout-flow wp-container-core-column-is-layout-eb8d3fca wp-block-column-is-layout-flow\" style=\"border-radius:15px;padding-top:var(--wp--preset--spacing--30);padding-bottom:var(--wp--preset--spacing--30)\">\n<p><\/p>\n<\/div>\n<\/div>\n\n\n\n<hr class=\"wp-block-separator has-text-color has-alpha-channel-opacity has-background is-style-wide\" style=\"margin-top:var(--wp--preset--spacing--60);background-color:#00a9e0;color:#00a9e0\"\/>\n\n\n\n<h2 class=\"wp-block-heading has-text-align-center has-text-color has-link-color wp-elements-daede66371c0ff5a3cf2725fb4bdbb54\" style=\"color:#002f6c;margin-top:var(--wp--preset--spacing--80)\"><strong>Preguntas Frecuentes<\/strong>&nbsp;<\/h2>\n\n\n<div class=\"guten-accordions\"><div class=\"accordion-heading\"><div class=\"accordion-icon\"><span class=\"accordion-icon-open\"><i aria-hidden=\"true\" class=\"fas fa-minus\"><\/i><\/span><span class=\"accordion-icon-closed\"><i aria-hidden=\"true\" class=\"fas fa-plus\"><\/i><\/span><\/div><span class=\"accordion-text\"><\/span><\/div><div class=\"accordion-body\"><div class=\"accordion-content\">\n<p>R\/. El costo del paz y salvo es de <strong>B\/. 5.00<\/strong>.<\/p>\n<\/div><\/div><div class=\"accordion-heading\"><div class=\"accordion-icon\"><span class=\"accordion-icon-open\"><i aria-hidden=\"true\" class=\"fas fa-minus\"><\/i><\/span><span class=\"accordion-icon-closed\"><i aria-hidden=\"true\" class=\"fas fa-plus\"><\/i><\/span><\/div><span class=\"accordion-text\"><\/span><\/div><div class=\"accordion-body\"><div class=\"accordion-content\">\n<p>R\/. Las <strong>remodelaciones y adecuaciones menores a 80m\u00b2<\/strong>, que no alteren la estructura principal, usualmente requieren <strong>visto bueno<\/strong>.&nbsp;<br>Las obras mayores a 80m\u00b2 o que requieran planos aprobados son consideradas <strong>construcci\u00f3n<\/strong> y deben tramitar <strong>permiso de construcci\u00f3n<\/strong>.<\/p>\n<\/div><\/div><div class=\"accordion-heading\"><div class=\"accordion-icon\"><span class=\"accordion-icon-open\"><i aria-hidden=\"true\" class=\"fas fa-minus\"><\/i><\/span><span class=\"accordion-icon-closed\"><i aria-hidden=\"true\" class=\"fas fa-plus\"><\/i><\/span><\/div><span class=\"accordion-text\"><\/span><\/div><div class=\"accordion-body\"><div class=\"accordion-content\">\n<p>R\/. S\u00ed. Toda <strong>adecuaci\u00f3n, remodelaci\u00f3n o construcci\u00f3n<\/strong>, ya sea en viviendas, locales comerciales o estructuras, requiere permiso o visto bueno seg\u00fan el tipo y alcance de la obra.<\/p>\n<\/div><\/div><div class=\"accordion-heading\"><div class=\"accordion-icon\"><span class=\"accordion-icon-open\"><i aria-hidden=\"true\" class=\"fas fa-minus\"><\/i><\/span><span class=\"accordion-icon-closed\"><i aria-hidden=\"true\" class=\"fas fa-plus\"><\/i><\/span><\/div><span class=\"accordion-text\"><\/span><\/div><div class=\"accordion-body\"><div class=\"accordion-content\">\n<p>R\/. No. <strong>Los permisos y vistos buenos v\u00e1lidos son emitidos exclusivamente por la Direcci\u00f3n de Ingenier\u00eda del Municipio de San Miguelito<\/strong>. Las cartas de juntas comunales no sustituyen este tr\u00e1mite.<\/p>\n<\/div><\/div><div class=\"accordion-heading\"><div class=\"accordion-icon\"><span class=\"accordion-icon-open\"><i aria-hidden=\"true\" class=\"fas fa-minus\"><\/i><\/span><span class=\"accordion-icon-closed\"><i aria-hidden=\"true\" class=\"fas fa-plus\"><\/i><\/span><\/div><span class=\"accordion-text\"><\/span><\/div><div class=\"accordion-body\"><div class=\"accordion-content\">\n<p>R\/. Se considera obra o construcci\u00f3n cualquier trabajo que <strong>modifique, ampl\u00ede o edifique estructuras<\/strong> de forma permanente o semi permanente, incluyendo muros, ampliaciones, cercas, locales, techos, entre otros.<\/p>\n<\/div><\/div><div class=\"accordion-heading\"><div class=\"accordion-icon\"><span class=\"accordion-icon-open\"><i aria-hidden=\"true\" class=\"fas fa-minus\"><\/i><\/span><span class=\"accordion-icon-closed\"><i aria-hidden=\"true\" class=\"fas fa-plus\"><\/i><\/span><\/div><span class=\"accordion-text\"><\/span><\/div><div class=\"accordion-body\"><div class=\"accordion-content\">\n<p>R\/. El c\u00e1lculo se realiza aplicando el <strong>2% del valor total estimado de la obra<\/strong>.<\/p>\n<\/div><\/div><div class=\"accordion-heading\"><div class=\"accordion-icon\"><span class=\"accordion-icon-open\"><i aria-hidden=\"true\" class=\"fas fa-minus\"><\/i><\/span><span class=\"accordion-icon-closed\"><i aria-hidden=\"true\" class=\"fas fa-plus\"><\/i><\/span><\/div><span class=\"accordion-text\"><\/span><\/div><div class=\"accordion-body\"><div class=\"accordion-content\">\n<p>R\/. No. <strong>En concordancia con los acuerdos municipales y del Ministerio de Obras P\u00fablicas (MOP)<\/strong>, no se permite la construcci\u00f3n de estructuras permanentes en \u00e1reas de servidumbre p\u00fablica.<\/p>\n<\/div><\/div><div class=\"accordion-heading\"><div class=\"accordion-icon\"><span class=\"accordion-icon-open\"><i aria-hidden=\"true\" class=\"fas fa-minus\"><\/i><\/span><span class=\"accordion-icon-closed\"><i aria-hidden=\"true\" class=\"fas fa-plus\"><\/i><\/span><\/div><span class=\"accordion-text\"><\/span><\/div><div class=\"accordion-body\"><div class=\"accordion-content\">\n<p>R\/. A la central telef\u00f3nica del Municipio de San Miguelito (<strong>502-4411<\/strong>), y solicita le comuniquen con la Direcci\u00f3n de Ingenier\u00eda.&nbsp;<\/p>\n<\/div><\/div><\/div>","protected":false},"excerpt":{"rendered":"<p>Requisitos para permisos de Ingenier\u00eda Municipal Anteproyectos presentar: Aprobaci\u00f3n de planos presentar: Permiso de Construcci\u00f3n presentar:\u00a0 IMPORTANTE: Todos los documentos deben ser presentados en formato digital, ya sea a trav\u00e9s de una USB o enviados al siguiente correo electr\u00f3nico: ingenieria.tramites@sanmiguelito.gob.pa&nbsp; Permiso de Visto Bueno Anexo presentar:\u00a0 Permiso de Demolici\u00f3n presentar:&nbsp; Permiso\u202fde\u202fOcupaci\u00f3n\u202fpresentar:&nbsp; Permiso Preliminar Inicial de [&hellip;]<\/p>\n","protected":false},"author":1,"featured_media":0,"parent":0,"menu_order":0,"comment_status":"closed","ping_status":"closed","template":"","meta":{"inline_featured_image":false,"footnotes":""},"class_list":["post-1804","page","type-page","status-publish","hentry"],"blocksy_meta":[],"_links":{"self":[{"href":"https:\/\/alcaldiasanmiguelito.gob.pa\/index.php?rest_route=\/wp\/v2\/pages\/1804","targetHints":{"allow":["GET"]}}],"collection":[{"href":"https:\/\/alcaldiasanmiguelito.gob.pa\/index.php?rest_route=\/wp\/v2\/pages"}],"about":[{"href":"https:\/\/alcaldiasanmiguelito.gob.pa\/index.php?rest_route=\/wp\/v2\/types\/page"}],"author":[{"embeddable":true,"href":"https:\/\/alcaldiasanmiguelito.gob.pa\/index.php?rest_route=\/wp\/v2\/users\/1"}],"replies":[{"embeddable":true,"href":"https:\/\/alcaldiasanmiguelito.gob.pa\/index.php?rest_route=%2Fwp%2Fv2%2Fcomments&post=1804"}],"version-history":[{"count":26,"href":"https:\/\/alcaldiasanmiguelito.gob.pa\/index.php?rest_route=\/wp\/v2\/pages\/1804\/revisions"}],"predecessor-version":[{"id":2904,"href":"https:\/\/alcaldiasanmiguelito.gob.pa\/index.php?rest_route=\/wp\/v2\/pages\/1804\/revisions\/2904"}],"wp:attachment":[{"href":"https:\/\/alcaldiasanmiguelito.gob.pa\/index.php?rest_route=%2Fwp%2Fv2%2Fmedia&parent=1804"}],"curies":[{"name":"wp","href":"https:\/\/api.w.org\/{rel}","templated":true}]}}