{"id":1182,"date":"2025-02-05T12:17:43","date_gmt":"2025-02-05T17:17:43","guid":{"rendered":"https:\/\/alcaldiasanmiguelito.gob.pa\/?page_id=1182"},"modified":"2025-08-25T10:59:53","modified_gmt":"2025-08-25T15:59:53","slug":"sanidad-publica","status":"publish","type":"page","link":"https:\/\/alcaldiasanmiguelito.gob.pa\/?page_id=1182","title":{"rendered":"Sanidad P\u00fablica"},"content":{"rendered":"\n<div class=\"wp-block-columns is-layout-flex wp-container-core-columns-is-layout-51c0b34d wp-block-columns-is-layout-flex\" style=\"padding-top:var(--wp--preset--spacing--50);padding-bottom:var(--wp--preset--spacing--50)\">\n<div class=\"wp-block-column is-layout-flow wp-block-column-is-layout-flow\"><\/div>\n<\/div>\n\n\n\n<h4 class=\"wp-block-heading has-text-color has-link-color wp-elements-b10824604fd88324948461ef5675a3d7\" style=\"color:#002f6c\"><strong>Informaci\u00f3n del Cementerio Municipal de San Miguelito<\/strong>&nbsp;<\/h4>\n\n\n\n<p class=\"has-black-color has-text-color has-link-color wp-elements-f0e231dba810016c292618f3cc3eab74\">Aqu\u00ed encontrar\u00e1s toda la informaci\u00f3n relevante sobre los servicios del Cementerio Municipal de San Miguelito, incluyendo horarios, costos y requisitos para inhumaciones, exhumaciones y otros tr\u00e1mites.&nbsp;<\/p>\n\n\n\n<div class=\"wp-block-columns is-layout-flex wp-container-core-columns-is-layout-28f84493 wp-block-columns-is-layout-flex\">\n<div class=\"wp-block-column is-layout-flow wp-block-column-is-layout-flow\"><div class=\"guten-icon-box-wrapper hover-from-left\"><div class=\"icon-box icon-box-header\">\n\t\t\t\t\t<div class=\"icon bg-style-color\">\n\t\t\t\t\t\t<i class=\"far fa-clock icon-style-color\"><\/i>\n\t\t\t\t\t<\/div>\n\t\t\t\t<\/div><div class=\"icon-box icon-box-body\"><h2 class=\"title\">Horario de atenci\u00f3n<\/h2><p class=\"icon-box-description\"><strong>Oficina de Sanidad P\u00fablica (Cementerios):<\/strong> Lunes a Viernes de 8:00 am a 4:00 pm\u00a0<br><strong>Cementerio Municipal de San Miguelito:<\/strong> Lunes a Viernes de 8:00 am a 4:00 pm. Los fines de semana se puede visitar, pero no habr\u00e1 personal municipal disponible para atenci\u00f3n.\u00a0<\/p><\/div><\/div><\/div>\n\n\n\n<div class=\"wp-block-column is-layout-flow wp-block-column-is-layout-flow\"><div class=\"guten-icon-box-wrapper hover-from-left\"><a class=\"\" href=\"https:\/\/maps.app.goo.gl\/KcgoKMrnWXFU2TiU6\" target=\"\" rel=\"\"><div class=\"icon-box icon-box-header\">\n\t\t\t\t\t<div class=\"icon bg-style-color\">\n\t\t\t\t\t\t<i class=\"fas fa-map-marker-alt icon-style-color\"><\/i>\n\t\t\t\t\t<\/div>\n\t\t\t\t<\/div><\/a><div class=\"icon-box icon-box-body\"><a class=\"\" href=\"https:\/\/maps.app.goo.gl\/KcgoKMrnWXFU2TiU6\" target=\"\" rel=\"\"><h2 class=\"title\">Ubicaci\u00f3n<\/h2><\/a><a class=\"\" href=\"https:\/\/maps.app.goo.gl\/KcgoKMrnWXFU2TiU6\" target=\"\" rel=\"\"><p class=\"icon-box-description\"><strong>Oficina de Sanidad P\u00fablica (Cementerios):<\/strong> Se encuentra en el edificio central del Municipio de San Miguelito.\u00a0<br><strong>Cementerio Municipal de San Miguelito:<\/strong> Est\u00e1 ubicado en la entrada de Chivo Chivo, comunidad de Mocambo, camino a la comunidad de Kuna Nega.\u00a0<\/p><\/a><\/div><\/div><\/div>\n<\/div>\n\n\n\n<div class=\"wp-block-columns is-layout-flex wp-container-core-columns-is-layout-28f84493 wp-block-columns-is-layout-flex\">\n<div class=\"wp-block-column is-layout-flow wp-block-column-is-layout-flow\"><div class=\"guten-icon-box-wrapper hover-from-left\"><div class=\"icon-box icon-box-header\">\n\t\t\t\t\t<div class=\"icon bg-style-color\">\n\t\t\t\t\t\t<i class=\"fas fa-bus-alt icon-style-color\"><\/i>\n\t\t\t\t\t<\/div>\n\t\t\t\t<\/div><div class=\"icon-box icon-box-body\"><h2 class=\"title\">Transporte<\/h2><p class=\"icon-box-description\">Actualmente no contamos con servicio de transporte hacia el Cementerio Municipal, pero estamos trabajando en conseguir uno para facilitar la visita de los dolientes y familiares.\u00a0<br><strong>Rutas de Metrobus:<\/strong> No existen rutas de Metrobus hacia el Cementerio Municipal de San Miguelito, pero estamos en conversaciones con la administraci\u00f3n de Mi Bus para evaluar futuras rutas.\u00a0<\/p><\/div><\/div><\/div>\n\n\n\n<div class=\"wp-block-column is-layout-flow wp-block-column-is-layout-flow\"><div class=\"guten-icon-box-wrapper hover-from-left\"><div class=\"icon-box icon-box-header\">\n\t\t\t\t\t<div class=\"icon bg-style-color\">\n\t\t\t\t\t\t<i class=\"fas fa-money-bill-alt icon-style-color\"><\/i>\n\t\t\t\t\t<\/div>\n\t\t\t\t<\/div><div class=\"icon-box icon-box-body\"><h2 class=\"title\">Costos<\/h2><p class=\"icon-box-description\"><strong>Fosa para inhumaci\u00f3n (entierro):<\/strong> El costo por el uso de la fosa es de <strong>$85<\/strong>, que corresponde a la primera anualidad. Adem\u00e1s, se debe pagar un <strong>$25<\/strong> por el servicio de inhumaci\u00f3n (entierro).\u00a0<br><strong>Anualidad por el uso de la fosa:<\/strong> El costo anual es de <strong>$85<\/strong>, seg\u00fan la \u00faltima actualizaci\u00f3n tributaria de 2025.\u00a0<br><strong>Exhumaci\u00f3n:<\/strong> Para la exhumaci\u00f3n, se deben pagar <strong>$50<\/strong> por el levantamiento.\u00a0\u00a0<\/p><\/div><\/div><\/div>\n<\/div>\n\n\n\n<h5 class=\"wp-block-heading title-underline has-text-color has-link-color wp-elements-2098465173ea27efab126d586ff0e1da\" style=\"color:#002f6c;margin-top:0;margin-bottom:0\"><strong>Capacidad de la fosa<\/strong>&nbsp;<\/h5>\n\n\n\n<ul class=\"wp-block-list\">\n<li>Cada fosa tiene capacidad para <strong>1 ata\u00fad y 4 guarda restos<\/strong>.&nbsp;<\/li>\n<\/ul>\n\n\n\n<h5 class=\"wp-block-heading title-underline has-text-color has-link-color wp-elements-45b78c90031a480f4add2cc9f35ad968\" style=\"color:#002f6c;margin-top:0;margin-bottom:0\"><strong>Requisitos para inhumaci\u00f3n (entierro)<\/strong>&nbsp;<\/h5>\n\n\n\n<ul class=\"wp-block-list\">\n<li>Certificado de defunci\u00f3n.<\/li>\n\n\n\n<li>Copia de c\u00e9dula del contribuyente (Persona Responsable).<\/li>\n\n\n\n<li>Copia de c\u00e9dula o certificado de nacimiento del difunto.<\/li>\n\n\n\n<li>Paz y salvo del contribuyente $5.00.<\/li>\n\n\n\n<li>Pago de la anualidad $85.00 e inhumaci\u00f3n\u00a0$25.00.<\/li>\n\n\n\n<li>Permiso de entierro emitido por el Tribunal electoral.<\/li>\n\n\n\n<li>Permiso de la Regi\u00f3n Metropolitana de Salud del Departamento de Defunci\u00f3n y Estad\u00edsticas cuando es \u00f3bito fetal.<\/li>\n<\/ul>\n\n\n\n<h5 class=\"wp-block-heading title-underline has-text-color has-link-color wp-elements-d44d08f76a3c393a9ef8d7e30dc52ad5\" style=\"color:#002f6c;margin-top:0;margin-bottom:0\"><strong>Requisitos para exhumaci\u00f3n<\/strong>&nbsp;<\/h5>\n\n\n\n<ul class=\"wp-block-list\">\n<li>La exhumaci\u00f3n puede realizarse despu\u00e9s de <strong>6 a\u00f1os<\/strong>, aunque este per\u00edodo puede variar seg\u00fan las condiciones del deceso.&nbsp;<\/li>\n\n\n\n<li>Es necesario presentar una <strong>nota dirigida a la alcaldesa<\/strong> solicitando el retiro de los restos.&nbsp;<\/li>\n\n\n\n<li>Se debe obtener un <strong>permiso de la Regional de Salud en C\u00e1rdenas<\/strong>.&nbsp;<\/li>\n\n\n\n<li><strong>Pago de $50<\/strong> por el levantamiento.&nbsp;<\/li>\n<\/ul>\n\n\n\n<h5 class=\"wp-block-heading title-underline has-text-color has-link-color wp-elements-d9833b6fb754cb23094a173d713dcbc6\" style=\"color:#002f6c;margin-top:0;margin-bottom:0\"><strong>Tr\u00e1mites y pagos<\/strong>&nbsp;<\/h5>\n\n\n\n<ul class=\"wp-block-list\">\n<li>Todos los tr\u00e1mites y pagos relacionados con el Cementerio Municipal deben realizarse en las <strong>oficinas de Sanidad P\u00fablica<\/strong> dentro del Municipio de San Miguelito.&nbsp;<\/li>\n\n\n\n<li><strong>Pago de anualidades y otros costos:<\/strong> Se realiza de manera presencial en la Sede Principal de la Alcald\u00eda, con pago en <strong>efectivo o tarjeta<\/strong>.&nbsp;<\/li>\n<\/ul>\n\n\n\n<h5 class=\"wp-block-heading title-underline has-text-color has-link-color wp-elements-19590604bd1c98a70bab77b45d27dbc7\" style=\"color:#002f6c;margin-top:0;margin-bottom:0\"><strong>Normativa Municipal<\/strong>&nbsp;<\/h5>\n\n\n\n<p>El funcionamiento y los precios del Cementerio Municipal de San Miguelito se rigen por el <strong>Acuerdo No. 23 del 27 de julio de 2010<\/strong>, modificado por el <strong>Acuerdo Municipal No. 124 del 03 de diciembre de 2024<\/strong>.&nbsp;<br>Si necesitas m\u00e1s informaci\u00f3n o tienes alguna pregunta, no dudes en contactarnos.&nbsp;&nbsp;<\/p>\n\n\n\n<p><\/p>\n","protected":false},"excerpt":{"rendered":"<p>Informaci\u00f3n del Cementerio Municipal de San Miguelito&nbsp; Aqu\u00ed encontrar\u00e1s toda la informaci\u00f3n relevante sobre los servicios del Cementerio Municipal de San Miguelito, incluyendo horarios, costos y requisitos para inhumaciones, exhumaciones y otros tr\u00e1mites.&nbsp; Capacidad de la fosa&nbsp; Requisitos para inhumaci\u00f3n (entierro)&nbsp; Requisitos para exhumaci\u00f3n&nbsp; Tr\u00e1mites y pagos&nbsp; Normativa Municipal&nbsp; El funcionamiento y los precios del [&hellip;]<\/p>\n","protected":false},"author":1,"featured_media":0,"parent":0,"menu_order":0,"comment_status":"closed","ping_status":"closed","template":"","meta":{"inline_featured_image":false,"footnotes":""},"class_list":["post-1182","page","type-page","status-publish","hentry"],"blocksy_meta":[],"_links":{"self":[{"href":"https:\/\/alcaldiasanmiguelito.gob.pa\/index.php?rest_route=\/wp\/v2\/pages\/1182","targetHints":{"allow":["GET"]}}],"collection":[{"href":"https:\/\/alcaldiasanmiguelito.gob.pa\/index.php?rest_route=\/wp\/v2\/pages"}],"about":[{"href":"https:\/\/alcaldiasanmiguelito.gob.pa\/index.php?rest_route=\/wp\/v2\/types\/page"}],"author":[{"embeddable":true,"href":"https:\/\/alcaldiasanmiguelito.gob.pa\/index.php?rest_route=\/wp\/v2\/users\/1"}],"replies":[{"embeddable":true,"href":"https:\/\/alcaldiasanmiguelito.gob.pa\/index.php?rest_route=%2Fwp%2Fv2%2Fcomments&post=1182"}],"version-history":[{"count":22,"href":"https:\/\/alcaldiasanmiguelito.gob.pa\/index.php?rest_route=\/wp\/v2\/pages\/1182\/revisions"}],"predecessor-version":[{"id":2204,"href":"https:\/\/alcaldiasanmiguelito.gob.pa\/index.php?rest_route=\/wp\/v2\/pages\/1182\/revisions\/2204"}],"wp:attachment":[{"href":"https:\/\/alcaldiasanmiguelito.gob.pa\/index.php?rest_route=%2Fwp%2Fv2%2Fmedia&parent=1182"}],"curies":[{"name":"wp","href":"https:\/\/api.w.org\/{rel}","templated":true}]}}